{"id":668,"date":"2021-07-19T14:53:52","date_gmt":"2021-07-19T17:53:52","guid":{"rendered":"https:\/\/boosteragro.com\/blog-po\/?page_id=668"},"modified":"2021-09-03T11:00:37","modified_gmt":"2021-09-03T14:00:37","slug":"categorias","status":"publish","type":"page","link":"https:\/\/boosteragro.com\/blog-po\/categorias\/","title":{"rendered":"Categorias"},"content":{"rendered":"\t\t<div data-elementor-type=\"wp-page\" data-elementor-id=\"668\" class=\"elementor elementor-668\" data-elementor-settings=\"[]\">\n\t\t\t\t\t\t<div class=\"elementor-inner\">\n\t\t\t\t\t\t\t<div class=\"elementor-section-wrap\">\n\t\t\t\t\t\t\t<section class=\"elementor-section elementor-top-section elementor-element elementor-element-64c57a7 elementor-section-boxed elementor-section-height-default elementor-section-height-default\" data-id=\"64c57a7\" data-element_type=\"section\">\n\t\t\t\t\t\t<div class=\"elementor-container elementor-column-gap-default\">\n\t\t\t\t\t\t\t<div class=\"elementor-row\">\n\t\t\t\t\t<div class=\"elementor-column elementor-col-50 elementor-top-column elementor-element elementor-element-d71ac46\" data-id=\"d71ac46\" data-element_type=\"column\">\n\t\t\t<div class=\"elementor-column-wrap elementor-element-populated\">\n\t\t\t\t\t\t\t<div class=\"elementor-widget-wrap\">\n\t\t\t\t\t\t<div class=\"elementor-element elementor-element-5a4f1e3 elementor-widget elementor-widget-heading\" data-id=\"5a4f1e3\" data-element_type=\"widget\" data-widget_type=\"heading.default\">\n\t\t\t\t<div class=\"elementor-widget-container\">\n\t\t\t<h2 class=\"elementor-heading-title elementor-size-default\">CATEGORIAS<\/h2>\t\t<\/div>\n\t\t\t\t<\/div>\n\t\t\t\t<div class=\"elementor-element elementor-element-3838c93 elementor-widget-divider--view-line elementor-widget elementor-widget-divider\" data-id=\"3838c93\" data-element_type=\"widget\" data-widget_type=\"divider.default\">\n\t\t\t\t<div class=\"elementor-widget-container\">\n\t\t\t\t\t<div class=\"elementor-divider\">\n\t\t\t<span class=\"elementor-divider-separator\">\n\t\t\t\t\t\t<\/span>\n\t\t<\/div>\n\t\t\t\t<\/div>\n\t\t\t\t<\/div>\n\t\t\t\t<div class=\"elementor-element elementor-element-5434db8 elementor-widget elementor-widget-heading\" data-id=\"5434db8\" data-element_type=\"widget\" data-widget_type=\"heading.default\">\n\t\t\t\t<div class=\"elementor-widget-container\">\n\t\t\t<p class=\"elementor-heading-title elementor-size-default\">Sobre o que voc\u00ea quer saber mais? Basta clicar no tema que te levamos l\u00e1!<\/p>\t\t<\/div>\n\t\t\t\t<\/div>\n\t\t\t\t<section class=\"elementor-section elementor-inner-section elementor-element elementor-element-65182e5 elementor-section-boxed elementor-section-height-default elementor-section-height-default\" data-id=\"65182e5\" data-element_type=\"section\">\n\t\t\t\t\t\t<div class=\"elementor-container elementor-column-gap-default\">\n\t\t\t\t\t\t\t<div class=\"elementor-row\">\n\t\t\t\t\t<div class=\"elementor-column elementor-col-33 elementor-inner-column elementor-element elementor-element-8e79373\" data-id=\"8e79373\" data-element_type=\"column\">\n\t\t\t<div class=\"elementor-column-wrap elementor-element-populated\">\n\t\t\t\t\t\t\t<div class=\"elementor-widget-wrap\">\n\t\t\t\t\t\t<div class=\"elementor-element elementor-element-f0e9a65 elementor-align-center elementor-widget elementor-widget-button\" data-id=\"f0e9a65\" data-element_type=\"widget\" data-widget_type=\"button.default\">\n\t\t\t\t<div class=\"elementor-widget-container\">\n\t\t\t\t\t<div class=\"elementor-button-wrapper\">\n\t\t\t<a href=\"https:\/\/boosteragro.com\/blog-po\/clima-e-tempo\/\" class=\"elementor-button-link elementor-button elementor-size-md\" role=\"button\">\n\t\t\t\t\t\t<span class=\"elementor-button-content-wrapper\">\n\t\t\t\t\t\t<span class=\"elementor-button-icon elementor-align-icon-left\">\n\t\t\t\t<i aria-hidden=\"true\" class=\"fas fa-cloud-sun-rain\"><\/i>\t\t\t<\/span>\n\t\t\t\t\t\t<span class=\"elementor-button-text\">Clima e Tempo<\/span>\n\t\t<\/span>\n\t\t\t\t\t<\/a>\n\t\t<\/div>\n\t\t\t\t<\/div>\n\t\t\t\t<\/div>\n\t\t\t\t<div class=\"elementor-element elementor-element-6f87331 elementor-align-center elementor-widget elementor-widget-button\" data-id=\"6f87331\" data-element_type=\"widget\" data-widget_type=\"button.default\">\n\t\t\t\t<div class=\"elementor-widget-container\">\n\t\t\t\t\t<div class=\"elementor-button-wrapper\">\n\t\t\t<a href=\"https:\/\/boosteragro.com\/blog-po\/doencas\/\" class=\"elementor-button-link elementor-button elementor-size-md\" role=\"button\">\n\t\t\t\t\t\t<span class=\"elementor-button-content-wrapper\">\n\t\t\t\t\t\t<span class=\"elementor-button-icon elementor-align-icon-left\">\n\t\t\t\t<i aria-hidden=\"true\" class=\"fas fa-pills\"><\/i>\t\t\t<\/span>\n\t\t\t\t\t\t<span class=\"elementor-button-text\">Doen\u00e7as<\/span>\n\t\t<\/span>\n\t\t\t\t\t<\/a>\n\t\t<\/div>\n\t\t\t\t<\/div>\n\t\t\t\t<\/div>\n\t\t\t\t<div class=\"elementor-element elementor-element-bdff81b elementor-align-center elementor-widget elementor-widget-button\" data-id=\"bdff81b\" data-element_type=\"widget\" data-widget_type=\"button.default\">\n\t\t\t\t<div class=\"elementor-widget-container\">\n\t\t\t\t\t<div class=\"elementor-button-wrapper\">\n\t\t\t<a href=\"https:\/\/boosteragro.com\/blog-po\/informativos\/\" class=\"elementor-button-link elementor-button elementor-size-md\" role=\"button\">\n\t\t\t\t\t\t<span class=\"elementor-button-content-wrapper\">\n\t\t\t\t\t\t<span class=\"elementor-button-icon elementor-align-icon-left\">\n\t\t\t\t<i aria-hidden=\"true\" class=\"far fa-newspaper\"><\/i>\t\t\t<\/span>\n\t\t\t\t\t\t<span class=\"elementor-button-text\">Informativos<\/span>\n\t\t<\/span>\n\t\t\t\t\t<\/a>\n\t\t<\/div>\n\t\t\t\t<\/div>\n\t\t\t\t<\/div>\n\t\t\t\t\t\t<\/div>\n\t\t\t\t\t<\/div>\n\t\t<\/div>\n\t\t\t\t<div class=\"elementor-column elementor-col-33 elementor-inner-column elementor-element elementor-element-58b5e56\" data-id=\"58b5e56\" data-element_type=\"column\">\n\t\t\t<div class=\"elementor-column-wrap elementor-element-populated\">\n\t\t\t\t\t\t\t<div class=\"elementor-widget-wrap\">\n\t\t\t\t\t\t<div class=\"elementor-element elementor-element-e406683 elementor-align-center elementor-widget elementor-widget-button\" data-id=\"e406683\" data-element_type=\"widget\" data-widget_type=\"button.default\">\n\t\t\t\t<div class=\"elementor-widget-container\">\n\t\t\t\t\t<div class=\"elementor-button-wrapper\">\n\t\t\t<a href=\"https:\/\/boosteragro.com\/blog-po\/cultivo\/\" class=\"elementor-button-link elementor-button elementor-size-md\" role=\"button\">\n\t\t\t\t\t\t<span class=\"elementor-button-content-wrapper\">\n\t\t\t\t\t\t<span class=\"elementor-button-icon elementor-align-icon-left\">\n\t\t\t\t<i aria-hidden=\"true\" class=\"fas fa-seedling\"><\/i>\t\t\t<\/span>\n\t\t\t\t\t\t<span class=\"elementor-button-text\">Cultivo<\/span>\n\t\t<\/span>\n\t\t\t\t\t<\/a>\n\t\t<\/div>\n\t\t\t\t<\/div>\n\t\t\t\t<\/div>\n\t\t\t\t<div class=\"elementor-element elementor-element-a768611 elementor-align-center elementor-widget elementor-widget-button\" data-id=\"a768611\" data-element_type=\"widget\" data-widget_type=\"button.default\">\n\t\t\t\t<div class=\"elementor-widget-container\">\n\t\t\t\t\t<div class=\"elementor-button-wrapper\">\n\t\t\t<a href=\"https:\/\/boosteragro.com\/blog-po\/pragas\/\" class=\"elementor-button-link elementor-button elementor-size-md\" role=\"button\">\n\t\t\t\t\t\t<span class=\"elementor-button-content-wrapper\">\n\t\t\t\t\t\t<span class=\"elementor-button-icon elementor-align-icon-left\">\n\t\t\t\t<i aria-hidden=\"true\" class=\"fas fa-bug\"><\/i>\t\t\t<\/span>\n\t\t\t\t\t\t<span class=\"elementor-button-text\">Pragas<\/span>\n\t\t<\/span>\n\t\t\t\t\t<\/a>\n\t\t<\/div>\n\t\t\t\t<\/div>\n\t\t\t\t<\/div>\n\t\t\t\t<div class=\"elementor-element elementor-element-50e4131 elementor-align-center elementor-widget elementor-widget-button\" data-id=\"50e4131\" data-element_type=\"widget\" data-widget_type=\"button.default\">\n\t\t\t\t<div class=\"elementor-widget-container\">\n\t\t\t\t\t<div class=\"elementor-button-wrapper\">\n\t\t\t<a href=\"#\" class=\"elementor-button-link elementor-button elementor-size-md\" role=\"button\">\n\t\t\t\t\t\t<span class=\"elementor-button-content-wrapper\">\n\t\t\t\t\t\t<span class=\"elementor-button-icon elementor-align-icon-left\">\n\t\t\t\t<i aria-hidden=\"true\" class=\"fas fa-mobile-alt\"><\/i>\t\t\t<\/span>\n\t\t\t\t\t\t<span class=\"elementor-button-text\">Dicas Booster<\/span>\n\t\t<\/span>\n\t\t\t\t\t<\/a>\n\t\t<\/div>\n\t\t\t\t<\/div>\n\t\t\t\t<\/div>\n\t\t\t\t\t\t<\/div>\n\t\t\t\t\t<\/div>\n\t\t<\/div>\n\t\t\t\t<div class=\"elementor-column elementor-col-33 elementor-inner-column elementor-element elementor-element-bd3646c\" data-id=\"bd3646c\" data-element_type=\"column\">\n\t\t\t<div class=\"elementor-column-wrap elementor-element-populated\">\n\t\t\t\t\t\t\t<div class=\"elementor-widget-wrap\">\n\t\t\t\t\t\t<div class=\"elementor-element elementor-element-2f9bd47 elementor-align-center elementor-widget elementor-widget-button\" data-id=\"2f9bd47\" data-element_type=\"widget\" data-widget_type=\"button.default\">\n\t\t\t\t<div class=\"elementor-widget-container\">\n\t\t\t\t\t<div class=\"elementor-button-wrapper\">\n\t\t\t<a href=\"https:\/\/boosteragro.com\/blog-po\/manejo\/\" class=\"elementor-button-link elementor-button elementor-size-md\" role=\"button\">\n\t\t\t\t\t\t<span class=\"elementor-button-content-wrapper\">\n\t\t\t\t\t\t<span class=\"elementor-button-icon elementor-align-icon-left\">\n\t\t\t\t<i aria-hidden=\"true\" class=\"fas fa-tractor\"><\/i>\t\t\t<\/span>\n\t\t\t\t\t\t<span class=\"elementor-button-text\">Manejo<\/span>\n\t\t<\/span>\n\t\t\t\t\t<\/a>\n\t\t<\/div>\n\t\t\t\t<\/div>\n\t\t\t\t<\/div>\n\t\t\t\t<div class=\"elementor-element elementor-element-0bd60f7 elementor-align-center elementor-widget elementor-widget-button\" data-id=\"0bd60f7\" data-element_type=\"widget\" data-widget_type=\"button.default\">\n\t\t\t\t<div class=\"elementor-widget-container\">\n\t\t\t\t\t<div class=\"elementor-button-wrapper\">\n\t\t\t<a href=\"https:\/\/boosteragro.com\/blog-po\/mercado-e-financas\/\" class=\"elementor-button-link elementor-button elementor-size-md\" role=\"button\">\n\t\t\t\t\t\t<span class=\"elementor-button-content-wrapper\">\n\t\t\t\t\t\t<span class=\"elementor-button-icon elementor-align-icon-left\">\n\t\t\t\t<i aria-hidden=\"true\" class=\"fas fa-coins\"><\/i>\t\t\t<\/span>\n\t\t\t\t\t\t<span class=\"elementor-button-text\">Mercado e Finan\u00e7as<\/span>\n\t\t<\/span>\n\t\t\t\t\t<\/a>\n\t\t<\/div>\n\t\t\t\t<\/div>\n\t\t\t\t<\/div>\n\t\t\t\t<div class=\"elementor-element elementor-element-fdbb179 elementor-align-center elementor-widget elementor-widget-button\" data-id=\"fdbb179\" data-element_type=\"widget\" data-widget_type=\"button.default\">\n\t\t\t\t<div class=\"elementor-widget-container\">\n\t\t\t\t\t<div class=\"elementor-button-wrapper\">\n\t\t\t<a href=\"#\" class=\"elementor-button-link elementor-button elementor-size-md\" role=\"button\">\n\t\t\t\t\t\t<span class=\"elementor-button-content-wrapper\">\n\t\t\t\t\t\t<span class=\"elementor-button-icon elementor-align-icon-left\">\n\t\t\t\t<i aria-hidden=\"true\" class=\"fas fa-user-friends\"><\/i>\t\t\t<\/span>\n\t\t\t\t\t\t<span class=\"elementor-button-text\">Eu uso BoosterAgro<\/span>\n\t\t<\/span>\n\t\t\t\t\t<\/a>\n\t\t<\/div>\n\t\t\t\t<\/div>\n\t\t\t\t<\/div>\n\t\t\t\t\t\t<\/div>\n\t\t\t\t\t<\/div>\n\t\t<\/div>\n\t\t\t\t\t\t\t\t<\/div>\n\t\t\t\t\t<\/div>\n\t\t<\/section>\n\t\t\t\t\t\t<\/div>\n\t\t\t\t\t<\/div>\n\t\t<\/div>\n\t\t\t\t<div class=\"elementor-column elementor-col-50 elementor-top-column elementor-element elementor-element-e5bb2aa\" data-id=\"e5bb2aa\" data-element_type=\"column\">\n\t\t\t<div class=\"elementor-column-wrap elementor-element-populated\">\n\t\t\t\t\t\t\t<div class=\"elementor-widget-wrap\">\n\t\t\t\t\t\t<section class=\"elementor-section elementor-inner-section elementor-element elementor-element-081c098 elementor-section-boxed elementor-section-height-default elementor-section-height-default\" data-id=\"081c098\" data-element_type=\"section\" data-settings=\"{&quot;background_background&quot;:&quot;classic&quot;}\">\n\t\t\t\t\t\t<div class=\"elementor-container elementor-column-gap-narrow\">\n\t\t\t\t\t\t\t<div class=\"elementor-row\">\n\t\t\t\t\t<div class=\"elementor-column elementor-col-100 elementor-inner-column elementor-element elementor-element-587351e\" data-id=\"587351e\" data-element_type=\"column\" data-settings=\"{&quot;background_background&quot;:&quot;classic&quot;}\">\n\t\t\t<div class=\"elementor-column-wrap elementor-element-populated\">\n\t\t\t\t\t\t\t<div class=\"elementor-widget-wrap\">\n\t\t\t\t\t\t<div class=\"elementor-element elementor-element-fb989f5 elementor-view-default elementor-widget elementor-widget-icon\" data-id=\"fb989f5\" data-element_type=\"widget\" data-widget_type=\"icon.default\">\n\t\t\t\t<div class=\"elementor-widget-container\">\n\t\t\t\t\t<div class=\"elementor-icon-wrapper\">\n\t\t\t<div class=\"elementor-icon\">\n\t\t\t<i aria-hidden=\"true\" class=\"fab fa-whatsapp\"><\/i>\t\t\t<\/div>\n\t\t<\/div>\n\t\t\t\t<\/div>\n\t\t\t\t<\/div>\n\t\t\t\t<div class=\"elementor-element elementor-element-4584bfc elementor-widget elementor-widget-heading\" data-id=\"4584bfc\" data-element_type=\"widget\" data-widget_type=\"heading.default\">\n\t\t\t\t<div class=\"elementor-widget-container\">\n\t\t\t<h2 class=\"elementor-heading-title elementor-size-default\">Quer receber os conte\u00fados por Whatsapp?<\/h2>\t\t<\/div>\n\t\t\t\t<\/div>\n\t\t\t\t<div class=\"elementor-element elementor-element-dd8ac6c elementor-button-align-start elementor-mobile-button-align-center elementor-widget elementor-widget-form\" data-id=\"dd8ac6c\" data-element_type=\"widget\" data-settings=\"{&quot;step_next_label&quot;:&quot;Pr\\u00f3ximo&quot;,&quot;step_previous_label&quot;:&quot;Anterior&quot;,&quot;button_width&quot;:&quot;100&quot;,&quot;step_type&quot;:&quot;number_text&quot;,&quot;step_icon_shape&quot;:&quot;circle&quot;}\" data-widget_type=\"form.default\">\n\t\t\t\t<div class=\"elementor-widget-container\">\n\t\t\t\t\t<form class=\"elementor-form\" method=\"post\" name=\"Inscri\u00e7\u00e3o Whatsapp\">\n\t\t\t<input type=\"hidden\" name=\"post_id\" value=\"668\"\/>\n\t\t\t<input type=\"hidden\" name=\"form_id\" value=\"dd8ac6c\"\/>\n\t\t\t<input type=\"hidden\" name=\"referer_title\" value=\"BoosterAgro Blog\" \/>\n\n\t\t\t\n\t\t\t<div class=\"elementor-form-fields-wrapper elementor-labels-\">\n\t\t\t\t\t\t\t\t<div class=\"elementor-field-type-text elementor-field-group elementor-column elementor-field-group-nome elementor-col-100 elementor-field-required\">\n\t\t\t\t\t<label for=\"form-field-nome\" class=\"elementor-field-label elementor-screen-only\">Nome<\/label><input size=\"1\" type=\"text\" name=\"form_fields[nome]\" id=\"form-field-nome\" class=\"elementor-field elementor-size-sm  elementor-field-textual\" placeholder=\"Seu nome\" required=\"required\" aria-required=\"true\">\t\t\t\t<\/div>\n\t\t\t\t\t\t\t\t<div class=\"elementor-field-type-tel elementor-field-group elementor-column elementor-field-group-field_eb5445f elementor-col-100 elementor-field-required\">\n\t\t\t\t\t<label for=\"form-field-field_eb5445f\" class=\"elementor-field-label elementor-screen-only\">Telefone<\/label><input size=\"1\" type=\"tel\" name=\"form_fields[field_eb5445f]\" id=\"form-field-field_eb5445f\" class=\"elementor-field elementor-size-sm  elementor-field-textual\" placeholder=\"(00)0 0000-0000\" required=\"required\" aria-required=\"true\" pattern=\"[0-9()#&amp;+*-=.]+\" title=\"Only numbers and phone characters (#, -, *, etc) are accepted.\">\t\t\t\t<\/div>\n\t\t\t\t\t\t\t\t<div class=\"elementor-field-type-checkbox elementor-field-group elementor-column elementor-field-group-field_020b296 elementor-col-100\">\n\t\t\t\t\t<label for=\"form-field-field_020b296\" class=\"elementor-field-label elementor-screen-only\">Qualifica\u00e7\u00e3o<\/label><div class=\"elementor-field-subgroup  \"><span class=\"elementor-field-option\"><input type=\"checkbox\" value=\"Sou produtor\" id=\"form-field-field_020b296-0\" name=\"form_fields[field_020b296][]\"> <label for=\"form-field-field_020b296-0\">Sou produtor<\/label><\/span><span class=\"elementor-field-option\"><input type=\"checkbox\" value=\"Sou agr\u00f4nomo\/consultor\" id=\"form-field-field_020b296-1\" name=\"form_fields[field_020b296][]\"> <label for=\"form-field-field_020b296-1\">Sou agr\u00f4nomo\/consultor<\/label><\/span><span class=\"elementor-field-option\"><input type=\"checkbox\" value=\"Sou outro agente do setor\" id=\"form-field-field_020b296-2\" name=\"form_fields[field_020b296][]\"> <label for=\"form-field-field_020b296-2\">Sou outro agente do setor<\/label><\/span><span class=\"elementor-field-option\"><input type=\"checkbox\" value=\"Sou estudante\" id=\"form-field-field_020b296-3\" name=\"form_fields[field_020b296][]\"> <label for=\"form-field-field_020b296-3\">Sou estudante<\/label><\/span><span class=\"elementor-field-option\"><input type=\"checkbox\" value=\"Outro\" id=\"form-field-field_020b296-4\" name=\"form_fields[field_020b296][]\"> <label for=\"form-field-field_020b296-4\">Outro<\/label><\/span><\/div>\t\t\t\t<\/div>\n\t\t\t\t\t\t\t\t<div class=\"elementor-field-group elementor-column elementor-field-type-submit elementor-col-100 e-form__buttons\">\n\t\t\t\t\t<button type=\"submit\" class=\"elementor-button elementor-size-sm\">\n\t\t\t\t\t\t<span >\n\t\t\t\t\t\t\t\t\t\t\t\t\t\t\t<span class=\" elementor-button-icon\">\n\t\t\t\t\t\t\t\t\t\t\t\t\t\t\t\t\t\t\t\t\t\t\t\t\t\t<\/span>\n\t\t\t\t\t\t\t\t\t\t\t\t\t\t\t\t\t\t\t\t\t\t<span class=\"elementor-button-text\">Inscrever<\/span>\n\t\t\t\t\t\t\t\t\t\t\t\t\t<\/span>\n\t\t\t\t\t<\/button>\n\t\t\t\t<\/div>\n\t\t\t<\/div>\n\t\t<\/form>\n\t\t\t\t<\/div>\n\t\t\t\t<\/div>\n\t\t\t\t\t\t<\/div>\n\t\t\t\t\t<\/div>\n\t\t<\/div>\n\t\t\t\t\t\t\t\t<\/div>\n\t\t\t\t\t<\/div>\n\t\t<\/section>\n\t\t\t\t\t\t<\/div>\n\t\t\t\t\t<\/div>\n\t\t<\/div>\n\t\t\t\t\t\t\t\t<\/div>\n\t\t\t\t\t<\/div>\n\t\t<\/section>\n\t\t\t\t\t\t<\/div>\n\t\t\t\t\t\t<\/div>\n\t\t\t\t\t<\/div>\n\t\t","protected":false},"excerpt":{"rendered":"<p>CATEGORIAS Sobre o que voc\u00ea quer saber mais? Basta clicar no tema que te levamos l\u00e1! Clima e Tempo Doen\u00e7as Informativos Cultivo Pragas Dicas Booster Manejo Mercado e Finan\u00e7as Eu uso BoosterAgro Quer receber os conte\u00fados por Whatsapp?<\/p>\n","protected":false},"author":1,"featured_media":0,"parent":0,"menu_order":0,"comment_status":"closed","ping_status":"closed","template":"elementor_header_footer","meta":{"om_disable_all_campaigns":false,"footnotes":""},"class_list":["post-668","page","type-page","status-publish","hentry"],"yoast_head":"<!-- This site is optimized with the Yoast SEO plugin v20.4 - https:\/\/yoast.com\/wordpress\/plugins\/seo\/ -->\n<title>Categorias - BoosterAgro Blog<\/title>\n<meta name=\"robots\" content=\"index, follow, max-snippet:-1, max-image-preview:large, max-video-preview:-1\" \/>\n<link rel=\"canonical\" href=\"https:\/\/boosteragro.com\/blog-po\/categorias\/\" \/>\n<meta property=\"og:locale\" content=\"pt_BR\" \/>\n<meta property=\"og:type\" content=\"article\" \/>\n<meta property=\"og:title\" content=\"Categorias - BoosterAgro Blog\" \/>\n<meta property=\"og:description\" content=\"CATEGORIAS Sobre o que voc\u00ea quer saber mais? Basta clicar no tema que te levamos l\u00e1! Clima e Tempo Doen\u00e7as Informativos Cultivo Pragas Dicas Booster Manejo Mercado e Finan\u00e7as Eu uso BoosterAgro Quer receber os conte\u00fados por Whatsapp?\" \/>\n<meta property=\"og:url\" content=\"https:\/\/boosteragro.com\/blog-po\/categorias\/\" \/>\n<meta property=\"og:site_name\" content=\"BoosterAgro Blog\" \/>\n<meta property=\"article:modified_time\" content=\"2021-09-03T14:00:37+00:00\" \/>\n<meta name=\"twitter:card\" content=\"summary_large_image\" \/>\n<meta name=\"twitter:label1\" content=\"Est. tempo de leitura\" \/>\n\t<meta name=\"twitter:data1\" content=\"1 minuto\" \/>\n<script type=\"application\/ld+json\" class=\"yoast-schema-graph\">{\"@context\":\"https:\/\/schema.org\",\"@graph\":[{\"@type\":\"WebPage\",\"@id\":\"https:\/\/boosteragro.com\/blog-po\/categorias\/\",\"url\":\"https:\/\/boosteragro.com\/blog-po\/categorias\/\",\"name\":\"Categorias - BoosterAgro Blog\",\"isPartOf\":{\"@id\":\"https:\/\/boosteragro.com\/blog-po\/#website\"},\"datePublished\":\"2021-07-19T17:53:52+00:00\",\"dateModified\":\"2021-09-03T14:00:37+00:00\",\"breadcrumb\":{\"@id\":\"https:\/\/boosteragro.com\/blog-po\/categorias\/#breadcrumb\"},\"inLanguage\":\"pt-BR\",\"potentialAction\":[{\"@type\":\"ReadAction\",\"target\":[\"https:\/\/boosteragro.com\/blog-po\/categorias\/\"]}]},{\"@type\":\"BreadcrumbList\",\"@id\":\"https:\/\/boosteragro.com\/blog-po\/categorias\/#breadcrumb\",\"itemListElement\":[{\"@type\":\"ListItem\",\"position\":1,\"name\":\"Home\",\"item\":\"https:\/\/boosteragro.com\/blog-po\/\"},{\"@type\":\"ListItem\",\"position\":2,\"name\":\"Categorias\"}]},{\"@type\":\"WebSite\",\"@id\":\"https:\/\/boosteragro.com\/blog-po\/#website\",\"url\":\"https:\/\/boosteragro.com\/blog-po\/\",\"name\":\"BoosterAgro Blog\",\"description\":\"Os principais conte\u00fados para o dia a dia no campo\",\"publisher\":{\"@id\":\"https:\/\/boosteragro.com\/blog-po\/#organization\"},\"potentialAction\":[{\"@type\":\"SearchAction\",\"target\":{\"@type\":\"EntryPoint\",\"urlTemplate\":\"https:\/\/boosteragro.com\/blog-po\/?s={search_term_string}\"},\"query-input\":\"required name=search_term_string\"}],\"inLanguage\":\"pt-BR\"},{\"@type\":\"Organization\",\"@id\":\"https:\/\/boosteragro.com\/blog-po\/#organization\",\"name\":\"BoosterAgro\",\"url\":\"https:\/\/boosteragro.com\/blog-po\/\",\"logo\":{\"@type\":\"ImageObject\",\"inLanguage\":\"pt-BR\",\"@id\":\"https:\/\/boosteragro.com\/blog-po\/#\/schema\/logo\/image\/\",\"url\":\"https:\/\/boosteragro.com\/blog-po\/wp-content\/uploads\/2021\/07\/Logotipo-BoosterAgro180px.png\",\"contentUrl\":\"https:\/\/boosteragro.com\/blog-po\/wp-content\/uploads\/2021\/07\/Logotipo-BoosterAgro180px.png\",\"width\":180,\"height\":36,\"caption\":\"BoosterAgro\"},\"image\":{\"@id\":\"https:\/\/boosteragro.com\/blog-po\/#\/schema\/logo\/image\/\"},\"sameAs\":[\"https:\/\/www.instagram.com\/boosteragro_brasil\/\"]}]}<\/script>\n<!-- \/ Yoast SEO plugin. -->","yoast_head_json":{"title":"Categorias - BoosterAgro Blog","robots":{"index":"index","follow":"follow","max-snippet":"max-snippet:-1","max-image-preview":"max-image-preview:large","max-video-preview":"max-video-preview:-1"},"canonical":"https:\/\/boosteragro.com\/blog-po\/categorias\/","og_locale":"pt_BR","og_type":"article","og_title":"Categorias - BoosterAgro Blog","og_description":"CATEGORIAS Sobre o que voc\u00ea quer saber mais? Basta clicar no tema que te levamos l\u00e1! Clima e Tempo Doen\u00e7as Informativos Cultivo Pragas Dicas Booster Manejo Mercado e Finan\u00e7as Eu uso BoosterAgro Quer receber os conte\u00fados por Whatsapp?","og_url":"https:\/\/boosteragro.com\/blog-po\/categorias\/","og_site_name":"BoosterAgro Blog","article_modified_time":"2021-09-03T14:00:37+00:00","twitter_card":"summary_large_image","twitter_misc":{"Est. tempo de leitura":"1 minuto"},"schema":{"@context":"https:\/\/schema.org","@graph":[{"@type":"WebPage","@id":"https:\/\/boosteragro.com\/blog-po\/categorias\/","url":"https:\/\/boosteragro.com\/blog-po\/categorias\/","name":"Categorias - BoosterAgro Blog","isPartOf":{"@id":"https:\/\/boosteragro.com\/blog-po\/#website"},"datePublished":"2021-07-19T17:53:52+00:00","dateModified":"2021-09-03T14:00:37+00:00","breadcrumb":{"@id":"https:\/\/boosteragro.com\/blog-po\/categorias\/#breadcrumb"},"inLanguage":"pt-BR","potentialAction":[{"@type":"ReadAction","target":["https:\/\/boosteragro.com\/blog-po\/categorias\/"]}]},{"@type":"BreadcrumbList","@id":"https:\/\/boosteragro.com\/blog-po\/categorias\/#breadcrumb","itemListElement":[{"@type":"ListItem","position":1,"name":"Home","item":"https:\/\/boosteragro.com\/blog-po\/"},{"@type":"ListItem","position":2,"name":"Categorias"}]},{"@type":"WebSite","@id":"https:\/\/boosteragro.com\/blog-po\/#website","url":"https:\/\/boosteragro.com\/blog-po\/","name":"BoosterAgro Blog","description":"Os principais conte\u00fados para o dia a dia no campo","publisher":{"@id":"https:\/\/boosteragro.com\/blog-po\/#organization"},"potentialAction":[{"@type":"SearchAction","target":{"@type":"EntryPoint","urlTemplate":"https:\/\/boosteragro.com\/blog-po\/?s={search_term_string}"},"query-input":"required name=search_term_string"}],"inLanguage":"pt-BR"},{"@type":"Organization","@id":"https:\/\/boosteragro.com\/blog-po\/#organization","name":"BoosterAgro","url":"https:\/\/boosteragro.com\/blog-po\/","logo":{"@type":"ImageObject","inLanguage":"pt-BR","@id":"https:\/\/boosteragro.com\/blog-po\/#\/schema\/logo\/image\/","url":"https:\/\/boosteragro.com\/blog-po\/wp-content\/uploads\/2021\/07\/Logotipo-BoosterAgro180px.png","contentUrl":"https:\/\/boosteragro.com\/blog-po\/wp-content\/uploads\/2021\/07\/Logotipo-BoosterAgro180px.png","width":180,"height":36,"caption":"BoosterAgro"},"image":{"@id":"https:\/\/boosteragro.com\/blog-po\/#\/schema\/logo\/image\/"},"sameAs":["https:\/\/www.instagram.com\/boosteragro_brasil\/"]}]}},"_links":{"self":[{"href":"https:\/\/boosteragro.com\/blog-po\/wp-json\/wp\/v2\/pages\/668","targetHints":{"allow":["GET"]}}],"collection":[{"href":"https:\/\/boosteragro.com\/blog-po\/wp-json\/wp\/v2\/pages"}],"about":[{"href":"https:\/\/boosteragro.com\/blog-po\/wp-json\/wp\/v2\/types\/page"}],"author":[{"embeddable":true,"href":"https:\/\/boosteragro.com\/blog-po\/wp-json\/wp\/v2\/users\/1"}],"replies":[{"embeddable":true,"href":"https:\/\/boosteragro.com\/blog-po\/wp-json\/wp\/v2\/comments?post=668"}],"version-history":[{"count":35,"href":"https:\/\/boosteragro.com\/blog-po\/wp-json\/wp\/v2\/pages\/668\/revisions"}],"predecessor-version":[{"id":1560,"href":"https:\/\/boosteragro.com\/blog-po\/wp-json\/wp\/v2\/pages\/668\/revisions\/1560"}],"wp:attachment":[{"href":"https:\/\/boosteragro.com\/blog-po\/wp-json\/wp\/v2\/media?parent=668"}],"curies":[{"name":"wp","href":"https:\/\/api.w.org\/{rel}","templated":true}]}}